{"id":696,"date":"2024-11-05T17:00:03","date_gmt":"2024-11-05T17:00:03","guid":{"rendered":"https:\/\/knp.com.mx\/knpwp\/?page_id=696"},"modified":"2024-11-05T17:02:17","modified_gmt":"2024-11-05T17:02:17","slug":"jorge-alfredo-luna-mezquida","status":"publish","type":"page","link":"https:\/\/knp.com.mx\/knpwp\/index.php\/jorge-alfredo-luna-mezquida\/","title":{"rendered":"Jorge Alfredo Luna Mezquida"},"content":{"rendered":"\t\t<div data-elementor-type=\"wp-page\" data-elementor-id=\"696\" class=\"elementor elementor-696\" data-elementor-post-type=\"page\">\n\t\t\t\t\t\t\t\t\t<section class=\"elementor-section elementor-top-section elementor-element elementor-element-58e037cb elementor-section-boxed elementor-section-height-default elementor-section-height-default\" data-id=\"58e037cb\" data-element_type=\"section\">\n\t\t\t\t\t\t<div class=\"elementor-container elementor-column-gap-default\">\n\t\t\t\t\t<div class=\"elementor-column elementor-col-100 elementor-top-column elementor-element elementor-element-249949b3\" data-id=\"249949b3\" data-element_type=\"column\">\n\t\t\t<div class=\"elementor-widget-wrap elementor-element-populated\">\n\t\t\t\t\t\t\t\t<div class=\"elementor-element elementor-element-2675dfe elementor-widget elementor-widget-site-logo\" data-id=\"2675dfe\" data-element_type=\"widget\" data-settings=\"{&quot;align&quot;:&quot;left&quot;,&quot;width&quot;:{&quot;unit&quot;:&quot;%&quot;,&quot;size&quot;:10,&quot;sizes&quot;:[]},&quot;width_tablet&quot;:{&quot;unit&quot;:&quot;%&quot;,&quot;size&quot;:&quot;&quot;,&quot;sizes&quot;:[]},&quot;width_mobile&quot;:{&quot;unit&quot;:&quot;%&quot;,&quot;size&quot;:&quot;&quot;,&quot;sizes&quot;:[]},&quot;space&quot;:{&quot;unit&quot;:&quot;%&quot;,&quot;size&quot;:&quot;&quot;,&quot;sizes&quot;:[]},&quot;space_tablet&quot;:{&quot;unit&quot;:&quot;%&quot;,&quot;size&quot;:&quot;&quot;,&quot;sizes&quot;:[]},&quot;space_mobile&quot;:{&quot;unit&quot;:&quot;%&quot;,&quot;size&quot;:&quot;&quot;,&quot;sizes&quot;:[]},&quot;image_border_radius&quot;:{&quot;unit&quot;:&quot;px&quot;,&quot;top&quot;:&quot;&quot;,&quot;right&quot;:&quot;&quot;,&quot;bottom&quot;:&quot;&quot;,&quot;left&quot;:&quot;&quot;,&quot;isLinked&quot;:true},&quot;image_border_radius_tablet&quot;:{&quot;unit&quot;:&quot;px&quot;,&quot;top&quot;:&quot;&quot;,&quot;right&quot;:&quot;&quot;,&quot;bottom&quot;:&quot;&quot;,&quot;left&quot;:&quot;&quot;,&quot;isLinked&quot;:true},&quot;image_border_radius_mobile&quot;:{&quot;unit&quot;:&quot;px&quot;,&quot;top&quot;:&quot;&quot;,&quot;right&quot;:&quot;&quot;,&quot;bottom&quot;:&quot;&quot;,&quot;left&quot;:&quot;&quot;,&quot;isLinked&quot;:true},&quot;caption_padding&quot;:{&quot;unit&quot;:&quot;px&quot;,&quot;top&quot;:&quot;&quot;,&quot;right&quot;:&quot;&quot;,&quot;bottom&quot;:&quot;&quot;,&quot;left&quot;:&quot;&quot;,&quot;isLinked&quot;:true},&quot;caption_padding_tablet&quot;:{&quot;unit&quot;:&quot;px&quot;,&quot;top&quot;:&quot;&quot;,&quot;right&quot;:&quot;&quot;,&quot;bottom&quot;:&quot;&quot;,&quot;left&quot;:&quot;&quot;,&quot;isLinked&quot;:true},&quot;caption_padding_mobile&quot;:{&quot;unit&quot;:&quot;px&quot;,&quot;top&quot;:&quot;&quot;,&quot;right&quot;:&quot;&quot;,&quot;bottom&quot;:&quot;&quot;,&quot;left&quot;:&quot;&quot;,&quot;isLinked&quot;:true},&quot;caption_space&quot;:{&quot;unit&quot;:&quot;px&quot;,&quot;size&quot;:0,&quot;sizes&quot;:[]},&quot;caption_space_tablet&quot;:{&quot;unit&quot;:&quot;px&quot;,&quot;size&quot;:&quot;&quot;,&quot;sizes&quot;:[]},&quot;caption_space_mobile&quot;:{&quot;unit&quot;:&quot;px&quot;,&quot;size&quot;:&quot;&quot;,&quot;sizes&quot;:[]}}\" data-widget_type=\"site-logo.default\">\n\t\t\t\t<div class=\"elementor-widget-container\">\n\t\t\t\t\t<div class=\"hfe-site-logo\">\n\t\t\t\t\t\t\t\t\t\t\t\t\t<a data-elementor-open-lightbox=\"\"  class='elementor-clickable' href=\"https:\/\/knp.com.mx\/knpwp\/\">\n\t\t\t\t\t\t\t<div class=\"hfe-site-logo-set\">           \n\t\t\t\t<div class=\"hfe-site-logo-container\">\n\t\t\t\t\t\t\t\t\t<img decoding=\"async\" class=\"hfe-site-logo-img elementor-animation-\"  src=\"https:\/\/knp.com.mx\/knpwp\/wp-content\/uploads\/2023\/10\/LOGO-KNP-2.png\" alt=\"LOGO KNP\"\/>\n\t\t\t\t<\/div>\n\t\t\t<\/div>\n\t\t\t\t\t\t\t<\/a>\n\t\t\t\t\t\t<\/div>  \n\t\t\t\t\t<\/div>\n\t\t\t\t<\/div>\n\t\t\t\t\t<\/div>\n\t\t<\/div>\n\t\t\t\t\t\t\t<\/div>\n\t\t<\/section>\n\t\t\t\t<section class=\"elementor-section elementor-top-section elementor-element elementor-element-e534953 elementor-section-boxed elementor-section-height-default elementor-section-height-default\" data-id=\"e534953\" data-element_type=\"section\">\n\t\t\t\t\t\t<div class=\"elementor-container elementor-column-gap-default\">\n\t\t\t\t\t<div class=\"elementor-column elementor-col-50 elementor-top-column elementor-element elementor-element-f62ea0f\" data-id=\"f62ea0f\" data-element_type=\"column\">\n\t\t\t<div class=\"elementor-widget-wrap elementor-element-populated\">\n\t\t\t\t\t\t\t\t<div class=\"elementor-element elementor-element-ab54faf elementor-widget elementor-widget-image\" data-id=\"ab54faf\" data-element_type=\"widget\" data-widget_type=\"image.default\">\n\t\t\t\t<div class=\"elementor-widget-container\">\n\t\t\t<style>\/*! elementor - v3.16.0 - 17-10-2023 *\/\n.elementor-widget-image{text-align:center}.elementor-widget-image a{display:inline-block}.elementor-widget-image a img[src$=\".svg\"]{width:48px}.elementor-widget-image img{vertical-align:middle;display:inline-block}<\/style>\t\t\t\t\t\t\t\t\t\t\t\t<img loading=\"lazy\" decoding=\"async\" width=\"214\" height=\"300\" src=\"https:\/\/knp.com.mx\/knpwp\/wp-content\/uploads\/2024\/11\/WhatsApp-Image-2024-10-30-at-7.35.29-PM-214x300.jpeg\" class=\"attachment-medium size-medium wp-image-630\" alt=\"\" srcset=\"https:\/\/knp.com.mx\/knpwp\/wp-content\/uploads\/2024\/11\/WhatsApp-Image-2024-10-30-at-7.35.29-PM-214x300.jpeg 214w, https:\/\/knp.com.mx\/knpwp\/wp-content\/uploads\/2024\/11\/WhatsApp-Image-2024-10-30-at-7.35.29-PM-731x1024.jpeg 731w, https:\/\/knp.com.mx\/knpwp\/wp-content\/uploads\/2024\/11\/WhatsApp-Image-2024-10-30-at-7.35.29-PM-768x1076.jpeg 768w, https:\/\/knp.com.mx\/knpwp\/wp-content\/uploads\/2024\/11\/WhatsApp-Image-2024-10-30-at-7.35.29-PM-1096x1536.jpeg 1096w, https:\/\/knp.com.mx\/knpwp\/wp-content\/uploads\/2024\/11\/WhatsApp-Image-2024-10-30-at-7.35.29-PM.jpeg 1142w\" sizes=\"auto, (max-width: 214px) 100vw, 214px\" \/>\t\t\t\t\t\t\t\t\t\t\t\t\t\t\t<\/div>\n\t\t\t\t<\/div>\n\t\t\t\t\t<\/div>\n\t\t<\/div>\n\t\t\t\t<div class=\"elementor-column elementor-col-50 elementor-top-column elementor-element elementor-element-b7f8ce9\" data-id=\"b7f8ce9\" data-element_type=\"column\">\n\t\t\t<div class=\"elementor-widget-wrap elementor-element-populated\">\n\t\t\t\t\t\t\t\t<div class=\"elementor-element elementor-element-b95416b elementor-widget elementor-widget-text-editor\" data-id=\"b95416b\" data-element_type=\"widget\" data-widget_type=\"text-editor.default\">\n\t\t\t\t<div class=\"elementor-widget-container\">\n\t\t\t<style>\/*! elementor - v3.16.0 - 17-10-2023 *\/\n.elementor-widget-text-editor.elementor-drop-cap-view-stacked .elementor-drop-cap{background-color:#69727d;color:#fff}.elementor-widget-text-editor.elementor-drop-cap-view-framed .elementor-drop-cap{color:#69727d;border:3px solid;background-color:transparent}.elementor-widget-text-editor:not(.elementor-drop-cap-view-default) .elementor-drop-cap{margin-top:8px}.elementor-widget-text-editor:not(.elementor-drop-cap-view-default) .elementor-drop-cap-letter{width:1em;height:1em}.elementor-widget-text-editor .elementor-drop-cap{float:left;text-align:center;line-height:1;font-size:50px}.elementor-widget-text-editor .elementor-drop-cap-letter{display:inline-block}<\/style>\t\t\t\t<p>Abogado con estudios en derecho y negocios internacionales en la Universidad de Burgos, Espa\u00f1a y estudios de posgrado en negocios internacionales en la Universidad Iberoamericana.<br \/>Idiomas: espa\u00f1ol e ingl\u00e9s.<\/p><p>Desarroll\u00f3 su pr\u00e1ctica profesional en el despacho Gonz\u00e1lez H. y Asociados en la ciudad de San Luis Potos\u00ed, y en D\u00edaz de Rivera y Mangino, S.C. en la ciudad de M\u00e9xico, participando principalmente en fusiones y adquisiciones. Particip\u00f3 como socio de Nava y Gonz\u00e1lez Mart\u00ed, S.C.<br \/><br \/>Actualmente se dedica a derecho corporativo, representando a nuestros clientes en cuestiones burs\u00e1tiles, fusiones y adquisiciones, financiamiento y banca, propiedad industrial e intelectual y ha participado en procedimientos de arbitraje en materias relacionadas.<\/p>\t\t\t\t\t\t<\/div>\n\t\t\t\t<\/div>\n\t\t\t\t\t<\/div>\n\t\t<\/div>\n\t\t\t\t\t\t\t<\/div>\n\t\t<\/section>\n\t\t\t\t\t\t\t<\/div>\n\t\t","protected":false},"excerpt":{"rendered":"<p>Abogado con estudios en derecho y negocios internacionales en la Universidad de Burgos, Espa\u00f1a y estudios de posgrado en negocios internacionales en la Universidad Iberoamericana.Idiomas: espa\u00f1ol e ingl\u00e9s. Desarroll\u00f3 su pr\u00e1ctica profesional en el despacho Gonz\u00e1lez H. y Asociados en la ciudad de San Luis Potos\u00ed, y en D\u00edaz de Rivera y Mangino, S.C. en [&hellip;]<\/p>\n","protected":false},"author":1,"featured_media":0,"parent":0,"menu_order":0,"comment_status":"closed","ping_status":"closed","template":"","meta":{"footnotes":""},"class_list":["post-696","page","type-page","status-publish","hentry"],"_links":{"self":[{"href":"https:\/\/knp.com.mx\/knpwp\/index.php\/wp-json\/wp\/v2\/pages\/696","targetHints":{"allow":["GET"]}}],"collection":[{"href":"https:\/\/knp.com.mx\/knpwp\/index.php\/wp-json\/wp\/v2\/pages"}],"about":[{"href":"https:\/\/knp.com.mx\/knpwp\/index.php\/wp-json\/wp\/v2\/types\/page"}],"author":[{"embeddable":true,"href":"https:\/\/knp.com.mx\/knpwp\/index.php\/wp-json\/wp\/v2\/users\/1"}],"replies":[{"embeddable":true,"href":"https:\/\/knp.com.mx\/knpwp\/index.php\/wp-json\/wp\/v2\/comments?post=696"}],"version-history":[{"count":4,"href":"https:\/\/knp.com.mx\/knpwp\/index.php\/wp-json\/wp\/v2\/pages\/696\/revisions"}],"predecessor-version":[{"id":701,"href":"https:\/\/knp.com.mx\/knpwp\/index.php\/wp-json\/wp\/v2\/pages\/696\/revisions\/701"}],"wp:attachment":[{"href":"https:\/\/knp.com.mx\/knpwp\/index.php\/wp-json\/wp\/v2\/media?parent=696"}],"curies":[{"name":"wp","href":"https:\/\/api.w.org\/{rel}","templated":true}]}}