{"id":530,"date":"2024-09-12T14:11:46","date_gmt":"2024-09-12T14:11:46","guid":{"rendered":"https:\/\/knp.com.mx\/knpwp\/?page_id=530"},"modified":"2024-09-12T17:24:18","modified_gmt":"2024-09-12T17:24:18","slug":"jorge-barrera-portales-df-slp","status":"publish","type":"page","link":"https:\/\/knp.com.mx\/knpwp\/index.php\/jorge-barrera-portales-df-slp\/","title":{"rendered":"Jorge Barrera Portales (DF \u2013 SLP)"},"content":{"rendered":"\t\t<div data-elementor-type=\"wp-page\" data-elementor-id=\"530\" class=\"elementor elementor-530\" data-elementor-post-type=\"page\">\n\t\t\t\t\t\t\t\t\t<section class=\"elementor-section elementor-top-section elementor-element elementor-element-3894a2f6 elementor-section-boxed elementor-section-height-default elementor-section-height-default\" data-id=\"3894a2f6\" data-element_type=\"section\">\n\t\t\t\t\t\t<div class=\"elementor-container elementor-column-gap-default\">\n\t\t\t\t\t<div class=\"elementor-column elementor-col-100 elementor-top-column elementor-element elementor-element-28187a9c\" data-id=\"28187a9c\" data-element_type=\"column\">\n\t\t\t<div class=\"elementor-widget-wrap elementor-element-populated\">\n\t\t\t\t\t\t\t\t<div class=\"elementor-element elementor-element-02913ba elementor-widget elementor-widget-site-logo\" data-id=\"02913ba\" data-element_type=\"widget\" data-settings=\"{&quot;align&quot;:&quot;left&quot;,&quot;width&quot;:{&quot;unit&quot;:&quot;%&quot;,&quot;size&quot;:10,&quot;sizes&quot;:[]},&quot;width_tablet&quot;:{&quot;unit&quot;:&quot;%&quot;,&quot;size&quot;:&quot;&quot;,&quot;sizes&quot;:[]},&quot;width_mobile&quot;:{&quot;unit&quot;:&quot;%&quot;,&quot;size&quot;:&quot;&quot;,&quot;sizes&quot;:[]},&quot;space&quot;:{&quot;unit&quot;:&quot;%&quot;,&quot;size&quot;:&quot;&quot;,&quot;sizes&quot;:[]},&quot;space_tablet&quot;:{&quot;unit&quot;:&quot;%&quot;,&quot;size&quot;:&quot;&quot;,&quot;sizes&quot;:[]},&quot;space_mobile&quot;:{&quot;unit&quot;:&quot;%&quot;,&quot;size&quot;:&quot;&quot;,&quot;sizes&quot;:[]},&quot;image_border_radius&quot;:{&quot;unit&quot;:&quot;px&quot;,&quot;top&quot;:&quot;&quot;,&quot;right&quot;:&quot;&quot;,&quot;bottom&quot;:&quot;&quot;,&quot;left&quot;:&quot;&quot;,&quot;isLinked&quot;:true},&quot;image_border_radius_tablet&quot;:{&quot;unit&quot;:&quot;px&quot;,&quot;top&quot;:&quot;&quot;,&quot;right&quot;:&quot;&quot;,&quot;bottom&quot;:&quot;&quot;,&quot;left&quot;:&quot;&quot;,&quot;isLinked&quot;:true},&quot;image_border_radius_mobile&quot;:{&quot;unit&quot;:&quot;px&quot;,&quot;top&quot;:&quot;&quot;,&quot;right&quot;:&quot;&quot;,&quot;bottom&quot;:&quot;&quot;,&quot;left&quot;:&quot;&quot;,&quot;isLinked&quot;:true},&quot;caption_padding&quot;:{&quot;unit&quot;:&quot;px&quot;,&quot;top&quot;:&quot;&quot;,&quot;right&quot;:&quot;&quot;,&quot;bottom&quot;:&quot;&quot;,&quot;left&quot;:&quot;&quot;,&quot;isLinked&quot;:true},&quot;caption_padding_tablet&quot;:{&quot;unit&quot;:&quot;px&quot;,&quot;top&quot;:&quot;&quot;,&quot;right&quot;:&quot;&quot;,&quot;bottom&quot;:&quot;&quot;,&quot;left&quot;:&quot;&quot;,&quot;isLinked&quot;:true},&quot;caption_padding_mobile&quot;:{&quot;unit&quot;:&quot;px&quot;,&quot;top&quot;:&quot;&quot;,&quot;right&quot;:&quot;&quot;,&quot;bottom&quot;:&quot;&quot;,&quot;left&quot;:&quot;&quot;,&quot;isLinked&quot;:true},&quot;caption_space&quot;:{&quot;unit&quot;:&quot;px&quot;,&quot;size&quot;:0,&quot;sizes&quot;:[]},&quot;caption_space_tablet&quot;:{&quot;unit&quot;:&quot;px&quot;,&quot;size&quot;:&quot;&quot;,&quot;sizes&quot;:[]},&quot;caption_space_mobile&quot;:{&quot;unit&quot;:&quot;px&quot;,&quot;size&quot;:&quot;&quot;,&quot;sizes&quot;:[]}}\" data-widget_type=\"site-logo.default\">\n\t\t\t\t<div class=\"elementor-widget-container\">\n\t\t\t\t\t<div class=\"hfe-site-logo\">\n\t\t\t\t\t\t\t\t\t\t\t\t\t<a data-elementor-open-lightbox=\"\"  class='elementor-clickable' href=\"https:\/\/knp.com.mx\/knpwp\/\">\n\t\t\t\t\t\t\t<div class=\"hfe-site-logo-set\">           \n\t\t\t\t<div class=\"hfe-site-logo-container\">\n\t\t\t\t\t\t\t\t\t<img decoding=\"async\" class=\"hfe-site-logo-img elementor-animation-\"  src=\"https:\/\/knp.com.mx\/knpwp\/wp-content\/uploads\/2023\/10\/LOGO-KNP-2.png\" alt=\"LOGO KNP\"\/>\n\t\t\t\t<\/div>\n\t\t\t<\/div>\n\t\t\t\t\t\t\t<\/a>\n\t\t\t\t\t\t<\/div>  \n\t\t\t\t\t<\/div>\n\t\t\t\t<\/div>\n\t\t\t\t<div class=\"elementor-element elementor-element-54bffd39 elementor-widget elementor-widget-text-editor\" data-id=\"54bffd39\" data-element_type=\"widget\" data-widget_type=\"text-editor.default\">\n\t\t\t\t<div class=\"elementor-widget-container\">\n\t\t\t<style>\/*! elementor - v3.16.0 - 17-10-2023 *\/\n.elementor-widget-text-editor.elementor-drop-cap-view-stacked .elementor-drop-cap{background-color:#69727d;color:#fff}.elementor-widget-text-editor.elementor-drop-cap-view-framed .elementor-drop-cap{color:#69727d;border:3px solid;background-color:transparent}.elementor-widget-text-editor:not(.elementor-drop-cap-view-default) .elementor-drop-cap{margin-top:8px}.elementor-widget-text-editor:not(.elementor-drop-cap-view-default) .elementor-drop-cap-letter{width:1em;height:1em}.elementor-widget-text-editor .elementor-drop-cap{float:left;text-align:center;line-height:1;font-size:50px}.elementor-widget-text-editor .elementor-drop-cap-letter{display:inline-block}<\/style>\t\t\t\t<!-- wp:media-text {\"align\":\"wide\",\"mediaId\":419,\"mediaLink\":\"https:\/\/knp.com.mx\/knpwp\/index.php\/elementor-230\/lic-jorge-barrera-portales\/\",\"mediaType\":\"image\",\"mediaWidth\":32,\"verticalAlignment\":\"center\"} -->\n<div class=\"wp-block-media-text alignwide is-stacked-on-mobile is-vertically-aligned-center\" style=\"grid-template-columns:32% auto\"><figure class=\"wp-block-media-text__media\"><img loading=\"lazy\" decoding=\"async\" width=\"683\" height=\"1024\" src=\"https:\/\/knp.com.mx\/knpwp\/wp-content\/uploads\/2024\/09\/Lic.-Jorge-Barrera-Portales-683x1024.jpg\" alt=\"\" class=\"wp-image-419 size-full\" srcset=\"https:\/\/knp.com.mx\/knpwp\/wp-content\/uploads\/2024\/09\/Lic.-Jorge-Barrera-Portales-683x1024.jpg 683w, https:\/\/knp.com.mx\/knpwp\/wp-content\/uploads\/2024\/09\/Lic.-Jorge-Barrera-Portales-200x300.jpg 200w, https:\/\/knp.com.mx\/knpwp\/wp-content\/uploads\/2024\/09\/Lic.-Jorge-Barrera-Portales-768x1152.jpg 768w, https:\/\/knp.com.mx\/knpwp\/wp-content\/uploads\/2024\/09\/Lic.-Jorge-Barrera-Portales-1024x1536.jpg 1024w, https:\/\/knp.com.mx\/knpwp\/wp-content\/uploads\/2024\/09\/Lic.-Jorge-Barrera-Portales.jpg 1365w\" sizes=\"auto, (max-width: 683px) 100vw, 683px\" \/><\/figure><div class=\"wp-block-media-text__content\"><!-- wp:cover {\"dimRatio\":50,\"align\":\"center\"} -->\n<div class=\"wp-block-cover aligncenter\"><span aria-hidden=\"true\" class=\"wp-block-cover__background has-background-dim\"><\/span><div class=\"wp-block-cover__inner-container\"><!-- wp:group {\"layout\":{\"type\":\"constrained\"}} -->\n<div class=\"wp-block-group\"><!-- wp:paragraph {\"align\":\"left\",\"placeholder\":\"Contenido\u2026\"} -->\n<p class=\"has-text-align-left\">Abogado con estudios de posgrado en la Escuela Libre de Derecho, en el Instituto Tecnol\u00f3gico Aut\u00f3nomo de M\u00e9xico, en la Universidad Panamericana (con menci\u00f3n honor\u00edfica), as\u00ed como en el Instituto Tecnol\u00f3gico y de Estudios Superiores de Monterrey, campus San Luis y en la Universidad Aut\u00f3noma de San Luis Potos\u00ed. Idiomas: espa\u00f1ol e ingl\u00e9s.<\/p>\n<!-- \/wp:paragraph -->\n\n<!-- wp:paragraph -->\n<p>Reliza pr\u00e1cticas en las \u00e1reas de Litigio civil, mercant\u00edl y familiar, as\u00ed como soluci\u00f3n de controversias. Miembro de la Barra Mexicana Colegio de Abogados, A.C.<\/p>\n<!-- \/wp:paragraph --><\/div>\n<!-- \/wp:group --><\/div><\/div>\n<!-- \/wp:cover --><\/div><\/div>\n<!-- \/wp:media-text -->\t\t\t\t\t\t<\/div>\n\t\t\t\t<\/div>\n\t\t\t\t\t<\/div>\n\t\t<\/div>\n\t\t\t\t\t\t\t<\/div>\n\t\t<\/section>\n\t\t\t\t\t\t\t<\/div>\n\t\t","protected":false},"excerpt":{"rendered":"","protected":false},"author":1,"featured_media":0,"parent":0,"menu_order":0,"comment_status":"closed","ping_status":"closed","template":"","meta":{"footnotes":""},"class_list":["post-530","page","type-page","status-publish","hentry"],"_links":{"self":[{"href":"https:\/\/knp.com.mx\/knpwp\/index.php\/wp-json\/wp\/v2\/pages\/530","targetHints":{"allow":["GET"]}}],"collection":[{"href":"https:\/\/knp.com.mx\/knpwp\/index.php\/wp-json\/wp\/v2\/pages"}],"about":[{"href":"https:\/\/knp.com.mx\/knpwp\/index.php\/wp-json\/wp\/v2\/types\/page"}],"author":[{"embeddable":true,"href":"https:\/\/knp.com.mx\/knpwp\/index.php\/wp-json\/wp\/v2\/users\/1"}],"replies":[{"embeddable":true,"href":"https:\/\/knp.com.mx\/knpwp\/index.php\/wp-json\/wp\/v2\/comments?post=530"}],"version-history":[{"count":7,"href":"https:\/\/knp.com.mx\/knpwp\/index.php\/wp-json\/wp\/v2\/pages\/530\/revisions"}],"predecessor-version":[{"id":574,"href":"https:\/\/knp.com.mx\/knpwp\/index.php\/wp-json\/wp\/v2\/pages\/530\/revisions\/574"}],"wp:attachment":[{"href":"https:\/\/knp.com.mx\/knpwp\/index.php\/wp-json\/wp\/v2\/media?parent=530"}],"curies":[{"name":"wp","href":"https:\/\/api.w.org\/{rel}","templated":true}]}}