{"id":528,"date":"2024-09-12T14:08:25","date_gmt":"2024-09-12T14:08:25","guid":{"rendered":"https:\/\/knp.com.mx\/knpwp\/?page_id=528"},"modified":"2024-09-12T17:25:29","modified_gmt":"2024-09-12T17:25:29","slug":"xavier-castro-de-la-maza-martinez-lavin-slp","status":"publish","type":"page","link":"https:\/\/knp.com.mx\/knpwp\/index.php\/xavier-castro-de-la-maza-martinez-lavin-slp\/","title":{"rendered":"Xavier Castro de la Maza Mart\u00ednez Lav\u00edn (SLP)"},"content":{"rendered":"\t\t<div data-elementor-type=\"wp-page\" data-elementor-id=\"528\" class=\"elementor elementor-528\" data-elementor-post-type=\"page\">\n\t\t\t\t\t\t\t\t\t<section class=\"elementor-section elementor-top-section elementor-element elementor-element-460ffb6e elementor-section-boxed elementor-section-height-default elementor-section-height-default\" data-id=\"460ffb6e\" data-element_type=\"section\">\n\t\t\t\t\t\t<div class=\"elementor-container elementor-column-gap-default\">\n\t\t\t\t\t<div class=\"elementor-column elementor-col-100 elementor-top-column elementor-element elementor-element-6a3b8c95\" data-id=\"6a3b8c95\" data-element_type=\"column\">\n\t\t\t<div class=\"elementor-widget-wrap elementor-element-populated\">\n\t\t\t\t\t\t\t\t<div class=\"elementor-element elementor-element-0cc41f5 elementor-widget elementor-widget-site-logo\" data-id=\"0cc41f5\" data-element_type=\"widget\" data-settings=\"{&quot;align&quot;:&quot;left&quot;,&quot;width&quot;:{&quot;unit&quot;:&quot;%&quot;,&quot;size&quot;:10,&quot;sizes&quot;:[]},&quot;width_tablet&quot;:{&quot;unit&quot;:&quot;%&quot;,&quot;size&quot;:&quot;&quot;,&quot;sizes&quot;:[]},&quot;width_mobile&quot;:{&quot;unit&quot;:&quot;%&quot;,&quot;size&quot;:&quot;&quot;,&quot;sizes&quot;:[]},&quot;space&quot;:{&quot;unit&quot;:&quot;%&quot;,&quot;size&quot;:&quot;&quot;,&quot;sizes&quot;:[]},&quot;space_tablet&quot;:{&quot;unit&quot;:&quot;%&quot;,&quot;size&quot;:&quot;&quot;,&quot;sizes&quot;:[]},&quot;space_mobile&quot;:{&quot;unit&quot;:&quot;%&quot;,&quot;size&quot;:&quot;&quot;,&quot;sizes&quot;:[]},&quot;image_border_radius&quot;:{&quot;unit&quot;:&quot;px&quot;,&quot;top&quot;:&quot;&quot;,&quot;right&quot;:&quot;&quot;,&quot;bottom&quot;:&quot;&quot;,&quot;left&quot;:&quot;&quot;,&quot;isLinked&quot;:true},&quot;image_border_radius_tablet&quot;:{&quot;unit&quot;:&quot;px&quot;,&quot;top&quot;:&quot;&quot;,&quot;right&quot;:&quot;&quot;,&quot;bottom&quot;:&quot;&quot;,&quot;left&quot;:&quot;&quot;,&quot;isLinked&quot;:true},&quot;image_border_radius_mobile&quot;:{&quot;unit&quot;:&quot;px&quot;,&quot;top&quot;:&quot;&quot;,&quot;right&quot;:&quot;&quot;,&quot;bottom&quot;:&quot;&quot;,&quot;left&quot;:&quot;&quot;,&quot;isLinked&quot;:true},&quot;caption_padding&quot;:{&quot;unit&quot;:&quot;px&quot;,&quot;top&quot;:&quot;&quot;,&quot;right&quot;:&quot;&quot;,&quot;bottom&quot;:&quot;&quot;,&quot;left&quot;:&quot;&quot;,&quot;isLinked&quot;:true},&quot;caption_padding_tablet&quot;:{&quot;unit&quot;:&quot;px&quot;,&quot;top&quot;:&quot;&quot;,&quot;right&quot;:&quot;&quot;,&quot;bottom&quot;:&quot;&quot;,&quot;left&quot;:&quot;&quot;,&quot;isLinked&quot;:true},&quot;caption_padding_mobile&quot;:{&quot;unit&quot;:&quot;px&quot;,&quot;top&quot;:&quot;&quot;,&quot;right&quot;:&quot;&quot;,&quot;bottom&quot;:&quot;&quot;,&quot;left&quot;:&quot;&quot;,&quot;isLinked&quot;:true},&quot;caption_space&quot;:{&quot;unit&quot;:&quot;px&quot;,&quot;size&quot;:0,&quot;sizes&quot;:[]},&quot;caption_space_tablet&quot;:{&quot;unit&quot;:&quot;px&quot;,&quot;size&quot;:&quot;&quot;,&quot;sizes&quot;:[]},&quot;caption_space_mobile&quot;:{&quot;unit&quot;:&quot;px&quot;,&quot;size&quot;:&quot;&quot;,&quot;sizes&quot;:[]}}\" data-widget_type=\"site-logo.default\">\n\t\t\t\t<div class=\"elementor-widget-container\">\n\t\t\t\t\t<div class=\"hfe-site-logo\">\n\t\t\t\t\t\t\t\t\t\t\t\t\t<a data-elementor-open-lightbox=\"\"  class='elementor-clickable' href=\"https:\/\/knp.com.mx\/knpwp\/\">\n\t\t\t\t\t\t\t<div class=\"hfe-site-logo-set\">           \n\t\t\t\t<div class=\"hfe-site-logo-container\">\n\t\t\t\t\t\t\t\t\t<img decoding=\"async\" class=\"hfe-site-logo-img elementor-animation-\"  src=\"https:\/\/knp.com.mx\/knpwp\/wp-content\/uploads\/2023\/10\/LOGO-KNP-2.png\" alt=\"LOGO KNP\"\/>\n\t\t\t\t<\/div>\n\t\t\t<\/div>\n\t\t\t\t\t\t\t<\/a>\n\t\t\t\t\t\t<\/div>  \n\t\t\t\t\t<\/div>\n\t\t\t\t<\/div>\n\t\t\t\t<div class=\"elementor-element elementor-element-263ca574 elementor-widget elementor-widget-text-editor\" data-id=\"263ca574\" data-element_type=\"widget\" data-widget_type=\"text-editor.default\">\n\t\t\t\t<div class=\"elementor-widget-container\">\n\t\t\t<style>\/*! elementor - v3.16.0 - 17-10-2023 *\/\n.elementor-widget-text-editor.elementor-drop-cap-view-stacked .elementor-drop-cap{background-color:#69727d;color:#fff}.elementor-widget-text-editor.elementor-drop-cap-view-framed .elementor-drop-cap{color:#69727d;border:3px solid;background-color:transparent}.elementor-widget-text-editor:not(.elementor-drop-cap-view-default) .elementor-drop-cap{margin-top:8px}.elementor-widget-text-editor:not(.elementor-drop-cap-view-default) .elementor-drop-cap-letter{width:1em;height:1em}.elementor-widget-text-editor .elementor-drop-cap{float:left;text-align:center;line-height:1;font-size:50px}.elementor-widget-text-editor .elementor-drop-cap-letter{display:inline-block}<\/style>\t\t\t\t<!-- wp:media-text {\"align\":\"wide\",\"mediaId\":421,\"mediaLink\":\"https:\/\/knp.com.mx\/knpwp\/index.php\/elementor-230\/lic-xavier-castro-de-la-maza-martinez-lavin\/\",\"mediaType\":\"image\",\"mediaWidth\":32,\"verticalAlignment\":\"center\"} -->\n<div class=\"wp-block-media-text alignwide is-stacked-on-mobile is-vertically-aligned-center\" style=\"grid-template-columns:32% auto\"><figure class=\"wp-block-media-text__media\"><img loading=\"lazy\" decoding=\"async\" width=\"683\" height=\"1024\" src=\"https:\/\/knp.com.mx\/knpwp\/wp-content\/uploads\/2024\/09\/Lic.-Xavier-Castro-de-la-Maza-Martinez-Lavin-683x1024.jpg\" alt=\"\" class=\"wp-image-421 size-full\" srcset=\"https:\/\/knp.com.mx\/knpwp\/wp-content\/uploads\/2024\/09\/Lic.-Xavier-Castro-de-la-Maza-Martinez-Lavin-683x1024.jpg 683w, https:\/\/knp.com.mx\/knpwp\/wp-content\/uploads\/2024\/09\/Lic.-Xavier-Castro-de-la-Maza-Martinez-Lavin-200x300.jpg 200w, https:\/\/knp.com.mx\/knpwp\/wp-content\/uploads\/2024\/09\/Lic.-Xavier-Castro-de-la-Maza-Martinez-Lavin-768x1152.jpg 768w, https:\/\/knp.com.mx\/knpwp\/wp-content\/uploads\/2024\/09\/Lic.-Xavier-Castro-de-la-Maza-Martinez-Lavin-1024x1536.jpg 1024w, https:\/\/knp.com.mx\/knpwp\/wp-content\/uploads\/2024\/09\/Lic.-Xavier-Castro-de-la-Maza-Martinez-Lavin.jpg 1365w\" sizes=\"auto, (max-width: 683px) 100vw, 683px\" \/><\/figure><div class=\"wp-block-media-text__content\"><!-- wp:cover {\"dimRatio\":50,\"align\":\"center\"} -->\n<div class=\"wp-block-cover aligncenter\"><span aria-hidden=\"true\" class=\"wp-block-cover__background has-background-dim\"><\/span><div class=\"wp-block-cover__inner-container\"><!-- wp:group {\"layout\":{\"type\":\"constrained\"}} -->\n<div class=\"wp-block-group\"><!-- wp:paragraph {\"align\":\"left\",\"placeholder\":\"Contenido\u2026\"} -->\n<p class=\"has-text-align-left\">Abogado por la Universidad Aut\u00f3noma de San Luis Potos\u00ed. Maestro en derecho fiscal por la Universidad Panamericana de M\u00e9xico.<br><br>Desarroll\u00f3 su pr\u00e1ctica profesional en Chevez, Ruiz Zamarripa y C\u00eda., S.C. y fue asociado en J\u00e1uregui, Navarrete y Nader, en la ciudad de M\u00e9xico, trabajando en las \u00e1reas de derecho civil, derecho inmobiliario y derecho administrativo participando en operaciones nacionales e internacionales; socio fundador de Palacios y Castro de la Maza, S.C. <br><br>Realiza pr\u00e1cticas en las \u00e1reas de derecho administrativo y fiscal, tan-<br>to planeaci\u00f3n como litigio, de igual forma participa en aspectos de competencia econ\u00f3mica y comercio exterior. Fue presidente de la Barra Mexicana Colegio de Abogados, A.C., cap\u00edtulo San Luis. (El licenciado Castro de la Maza se encuentra con licencia para desarrollar actividades como funcionario).<\/p>\n<!-- \/wp:paragraph --><\/div>\n<!-- \/wp:group --><\/div><\/div>\n<!-- \/wp:cover --><\/div><\/div>\n<!-- \/wp:media-text -->\t\t\t\t\t\t<\/div>\n\t\t\t\t<\/div>\n\t\t\t\t\t<\/div>\n\t\t<\/div>\n\t\t\t\t\t\t\t<\/div>\n\t\t<\/section>\n\t\t\t\t\t\t\t<\/div>\n\t\t","protected":false},"excerpt":{"rendered":"","protected":false},"author":1,"featured_media":0,"parent":0,"menu_order":0,"comment_status":"closed","ping_status":"closed","template":"","meta":{"footnotes":""},"class_list":["post-528","page","type-page","status-publish","hentry"],"_links":{"self":[{"href":"https:\/\/knp.com.mx\/knpwp\/index.php\/wp-json\/wp\/v2\/pages\/528","targetHints":{"allow":["GET"]}}],"collection":[{"href":"https:\/\/knp.com.mx\/knpwp\/index.php\/wp-json\/wp\/v2\/pages"}],"about":[{"href":"https:\/\/knp.com.mx\/knpwp\/index.php\/wp-json\/wp\/v2\/types\/page"}],"author":[{"embeddable":true,"href":"https:\/\/knp.com.mx\/knpwp\/index.php\/wp-json\/wp\/v2\/users\/1"}],"replies":[{"embeddable":true,"href":"https:\/\/knp.com.mx\/knpwp\/index.php\/wp-json\/wp\/v2\/comments?post=528"}],"version-history":[{"count":7,"href":"https:\/\/knp.com.mx\/knpwp\/index.php\/wp-json\/wp\/v2\/pages\/528\/revisions"}],"predecessor-version":[{"id":580,"href":"https:\/\/knp.com.mx\/knpwp\/index.php\/wp-json\/wp\/v2\/pages\/528\/revisions\/580"}],"wp:attachment":[{"href":"https:\/\/knp.com.mx\/knpwp\/index.php\/wp-json\/wp\/v2\/media?parent=528"}],"curies":[{"name":"wp","href":"https:\/\/api.w.org\/{rel}","templated":true}]}}